{"id":541,"date":"2021-07-27T02:39:22","date_gmt":"2021-07-27T02:39:22","guid":{"rendered":"https:\/\/mujeresdehoyperu.com\/collections\/"},"modified":"2026-03-13T19:27:06","modified_gmt":"2026-03-13T19:27:06","slug":"guia-de-tratamientos","status":"publish","type":"page","link":"https:\/\/mujeresdehoyperu.com\/?page_id=541","title":{"rendered":"Guia de Tratamientos"},"content":{"rendered":"\t\t<div data-elementor-type=\"wp-page\" data-elementor-id=\"541\" class=\"elementor elementor-541\" data-elementor-post-type=\"page\">\n\t\t\t\t<div class=\"elementor-element elementor-element-8cbdab e-flex e-con-boxed e-con e-parent\" data-id=\"8cbdab\" data-element_type=\"container\">\n\t\t\t\t\t<div class=\"e-con-inner\">\n\t\t<div class=\"elementor-element elementor-element-2d69f416 e-con-full e-flex e-con e-child\" data-id=\"2d69f416\" data-element_type=\"container\">\n\t\t\t\t<div class=\"elementor-element elementor-element-5374c713 elementor-widget elementor-widget-heading\" data-id=\"5374c713\" data-element_type=\"widget\" data-widget_type=\"heading.default\">\n\t\t\t\t<div class=\"elementor-widget-container\">\n\t\t\t<h2 class=\"elementor-heading-title elementor-size-default\">REVELA TU MEJOR VERSI\u00d3N<\/h2>\t\t<\/div>\n\t\t\t\t<\/div>\n\t\t\t\t<div class=\"elementor-element elementor-element-d9877ae elementor-widget elementor-widget-text-editor\" data-id=\"d9877ae\" data-element_type=\"widget\" data-widget_type=\"text-editor.default\">\n\t\t\t\t<div class=\"elementor-widget-container\">\n\t\t\t\t\t\t\t<p>Tratamientos est\u00e9ticos avanzados de vanguardia para realzar tu belleza natural con resultados garantizados<\/p>\t\t\t\t\t\t<\/div>\n\t\t\t\t<\/div>\n\t\t\t\t<div class=\"elementor-element elementor-element-5ee5bbe9 elementor-widget elementor-widget-button\" data-id=\"5ee5bbe9\" data-element_type=\"widget\" data-widget_type=\"button.default\">\n\t\t\t\t<div class=\"elementor-widget-container\">\n\t\t\t\t\t<div class=\"elementor-button-wrapper\">\n\t\t\t<a class=\"elementor-button elementor-button-link elementor-size-sm elementor-animation-shrink\" href=\"https:\/\/mujeresdehoyperu.com\/?post_type=product\">\n\t\t\t\t\t\t<span class=\"elementor-button-content-wrapper\">\n\t\t\t\t\t\t\t\t\t<span class=\"elementor-button-text\">AGENDAR EVALUACI\u00d3N<\/span>\n\t\t\t\t\t<\/span>\n\t\t\t\t\t<\/a>\n\t\t<\/div>\n\t\t\t\t<\/div>\n\t\t\t\t<\/div>\n\t\t\t\t<\/div>\n\t\t\t\t\t<\/div>\n\t\t\t\t<\/div>\n\t\t<div class=\"elementor-element elementor-element-6a46d80 e-flex e-con-boxed e-con e-parent\" data-id=\"6a46d80\" data-element_type=\"container\" data-settings=\"{&quot;background_background&quot;:&quot;classic&quot;}\">\n\t\t\t\t\t<div class=\"e-con-inner\">\n\t\t\t\t<div class=\"elementor-element elementor-element-3f6b5d8 elementor-widget elementor-widget-spacer\" data-id=\"3f6b5d8\" data-element_type=\"widget\" data-widget_type=\"spacer.default\">\n\t\t\t\t<div class=\"elementor-widget-container\">\n\t\t\t\t\t<div class=\"elementor-spacer\">\n\t\t\t<div class=\"elementor-spacer-inner\"><\/div>\n\t\t<\/div>\n\t\t\t\t<\/div>\n\t\t\t\t<\/div>\n\t\t\t\t\t<\/div>\n\t\t\t\t<\/div>\n\t\t<div class=\"elementor-element elementor-element-a743bcf e-flex e-con-boxed e-con e-parent\" data-id=\"a743bcf\" data-element_type=\"container\" data-settings=\"{&quot;background_background&quot;:&quot;classic&quot;}\">\n\t\t\t\t\t<div class=\"e-con-inner\">\n\t\t<div class=\"elementor-element elementor-element-08f5d2d e-con-full e-flex e-con e-child\" data-id=\"08f5d2d\" data-element_type=\"container\" data-settings=\"{&quot;background_background&quot;:&quot;classic&quot;}\">\n\t\t<div class=\"elementor-element elementor-element-406bb7d e-con-full e-flex e-con e-child\" data-id=\"406bb7d\" data-element_type=\"container\">\n\t\t<div class=\"elementor-element elementor-element-4c130e0 e-con-full e-flex e-con e-child\" data-id=\"4c130e0\" data-element_type=\"container\">\n\t\t\t\t<div class=\"elementor-element elementor-element-90e7213 elementor-widget elementor-widget-heading\" data-id=\"90e7213\" data-element_type=\"widget\" data-widget_type=\"heading.default\">\n\t\t\t\t<div class=\"elementor-widget-container\">\n\t\t\t<h2 class=\"elementor-heading-title elementor-size-default\">Est\u00e9tica Facial Avanzada: Nutrici\u00f3n y Regeneraci\u00f3n Celular<\/h2>\t\t<\/div>\n\t\t\t\t<\/div>\n\t\t\t\t<\/div>\n\t\t\t\t<\/div>\n\t\t\t\t<div class=\"elementor-element elementor-element-4a65f2e elementor-widget__width-initial elementor-widget elementor-widget-text-editor\" data-id=\"4a65f2e\" data-element_type=\"widget\" data-widget_type=\"text-editor.default\">\n\t\t\t\t<div class=\"elementor-widget-container\">\n\t\t\t\t\t\t\t<p>\u00a0Transforma la calidad de tu piel con protocolos de nutrici\u00f3n profunda y regeneraci\u00f3n de tejidos. Combinamos el poder celular del <b data-path-to-node=\"13,1,0\" data-index-in-node=\"148\">PDRN (ADN de Salm\u00f3n)<\/b> y <b data-path-to-node=\"13,1,0\" data-index-in-node=\"171\">Exosomas<\/b> con limpiezas de grado m\u00e9dico para eliminar impurezas, cerrar poros y devolverle la luminosidad perdida a tu rostro. Piel intensamente hidratada, sana y radiante de forma inmediata.<\/p>\t\t\t\t\t\t<\/div>\n\t\t\t\t<\/div>\n\t\t\t\t<div class=\"elementor-element elementor-element-1b45473 elementor-mobile-align-center elementor-laptop-align-right elementor-widget elementor-widget-button\" data-id=\"1b45473\" data-element_type=\"widget\" data-widget_type=\"button.default\">\n\t\t\t\t<div class=\"elementor-widget-container\">\n\t\t\t\t\t<div class=\"elementor-button-wrapper\">\n\t\t\t<a class=\"elementor-button elementor-button-link elementor-size-sm elementor-animation-shrink\" href=\"https:\/\/api.whatsapp.com\/send\/?phone=51921854802&#038;text=Hola%2C+tengo+una+duda+pueden+ayudarme.&#038;type=phone_number&#038;app_absent=0\">\n\t\t\t\t\t\t<span class=\"elementor-button-content-wrapper\">\n\t\t\t\t\t\t\t\t\t<span class=\"elementor-button-text\">AGENDAR POR WHATSAPP<\/span>\n\t\t\t\t\t<\/span>\n\t\t\t\t\t<\/a>\n\t\t<\/div>\n\t\t\t\t<\/div>\n\t\t\t\t<\/div>\n\t\t\t\t<\/div>\n\t\t\t\t\t<\/div>\n\t\t\t\t<\/div>\n\t\t<div class=\"elementor-element elementor-element-53ed5fe e-flex e-con-boxed e-con e-parent\" data-id=\"53ed5fe\" data-element_type=\"container\" data-settings=\"{&quot;background_background&quot;:&quot;classic&quot;}\">\n\t\t\t\t\t<div class=\"e-con-inner\">\n\t\t\t\t<div class=\"elementor-element elementor-element-ce804aa elementor-widget elementor-widget-spacer\" data-id=\"ce804aa\" data-element_type=\"widget\" data-widget_type=\"spacer.default\">\n\t\t\t\t<div class=\"elementor-widget-container\">\n\t\t\t\t\t<div class=\"elementor-spacer\">\n\t\t\t<div class=\"elementor-spacer-inner\"><\/div>\n\t\t<\/div>\n\t\t\t\t<\/div>\n\t\t\t\t<\/div>\n\t\t\t\t\t<\/div>\n\t\t\t\t<\/div>\n\t\t<div class=\"elementor-element elementor-element-283df2e e-flex e-con-boxed e-con e-parent\" data-id=\"283df2e\" data-element_type=\"container\" data-settings=\"{&quot;background_background&quot;:&quot;classic&quot;}\">\n\t\t\t\t\t<div class=\"e-con-inner\">\n\t\t<div class=\"elementor-element elementor-element-ef461b1 e-con-full e-flex e-con e-child\" data-id=\"ef461b1\" data-element_type=\"container\" data-settings=\"{&quot;background_background&quot;:&quot;classic&quot;}\">\n\t\t<div class=\"elementor-element elementor-element-0e28d37 e-con-full e-flex e-con e-child\" data-id=\"0e28d37\" data-element_type=\"container\">\n\t\t<div class=\"elementor-element elementor-element-15aa85c e-con-full e-flex e-con e-child\" data-id=\"15aa85c\" data-element_type=\"container\">\n\t\t\t\t<div class=\"elementor-element elementor-element-ad34ff0 elementor-widget elementor-widget-heading\" data-id=\"ad34ff0\" data-element_type=\"widget\" data-widget_type=\"heading.default\">\n\t\t\t\t<div class=\"elementor-widget-container\">\n\t\t\t<h2 class=\"elementor-heading-title elementor-size-default\">Bioestimulaci\u00f3n de Col\u00e1geno: Estructura y Firmeza Natural<\/h2>\t\t<\/div>\n\t\t\t\t<\/div>\n\t\t\t\t<\/div>\n\t\t\t\t<\/div>\n\t\t\t\t<div class=\"elementor-element elementor-element-7cefca8 elementor-widget__width-initial elementor-widget elementor-widget-text-editor\" data-id=\"7cefca8\" data-element_type=\"widget\" data-widget_type=\"text-editor.default\">\n\t\t\t\t<div class=\"elementor-widget-container\">\n\t\t\t\t\t\t\t<p>Recupera la arquitectura de tu rostro estimulando la producci\u00f3n propia de col\u00e1geno y elastina. Mediante activos de alta gama como <b data-path-to-node=\"5,1,0\" data-index-in-node=\"149\">Sculptra<\/b> y <b data-path-to-node=\"5,1,0\" data-index-in-node=\"160\">Radiesse<\/b>, devolvemos la densidad a los tejidos, eliminamos la flacidez y logramos un efecto lifting progresivo y duradero sin alterar tus facciones naturales. Es la clave para un rejuvenecimiento real desde el interior.<\/p>\t\t\t\t\t\t<\/div>\n\t\t\t\t<\/div>\n\t\t\t\t<div class=\"elementor-element elementor-element-344548e elementor-mobile-align-center elementor-widget elementor-widget-button\" data-id=\"344548e\" data-element_type=\"widget\" data-widget_type=\"button.default\">\n\t\t\t\t<div class=\"elementor-widget-container\">\n\t\t\t\t\t<div class=\"elementor-button-wrapper\">\n\t\t\t<a class=\"elementor-button elementor-button-link elementor-size-sm elementor-animation-shrink\" href=\"#\">\n\t\t\t\t\t\t<span class=\"elementor-button-content-wrapper\">\n\t\t\t\t\t\t\t\t\t<span class=\"elementor-button-text\">AGENDAR POR WHATSAPP<\/span>\n\t\t\t\t\t<\/span>\n\t\t\t\t\t<\/a>\n\t\t<\/div>\n\t\t\t\t<\/div>\n\t\t\t\t<\/div>\n\t\t\t\t<\/div>\n\t\t\t\t\t<\/div>\n\t\t\t\t<\/div>\n\t\t<div class=\"elementor-element elementor-element-988953e e-flex e-con-boxed e-con e-parent\" data-id=\"988953e\" data-element_type=\"container\" data-settings=\"{&quot;background_background&quot;:&quot;classic&quot;}\">\n\t\t\t\t\t<div class=\"e-con-inner\">\n\t\t\t\t<div class=\"elementor-element elementor-element-b1a13a5 elementor-widget elementor-widget-spacer\" data-id=\"b1a13a5\" data-element_type=\"widget\" data-widget_type=\"spacer.default\">\n\t\t\t\t<div class=\"elementor-widget-container\">\n\t\t\t\t\t<div class=\"elementor-spacer\">\n\t\t\t<div class=\"elementor-spacer-inner\"><\/div>\n\t\t<\/div>\n\t\t\t\t<\/div>\n\t\t\t\t<\/div>\n\t\t\t\t\t<\/div>\n\t\t\t\t<\/div>\n\t\t<div class=\"elementor-element elementor-element-0b456f5 e-flex e-con-boxed e-con e-parent\" data-id=\"0b456f5\" data-element_type=\"container\" data-settings=\"{&quot;background_background&quot;:&quot;classic&quot;}\">\n\t\t\t\t\t<div class=\"e-con-inner\">\n\t\t<div class=\"elementor-element elementor-element-4a42699 e-con-full e-flex e-con e-child\" data-id=\"4a42699\" data-element_type=\"container\" data-settings=\"{&quot;background_background&quot;:&quot;classic&quot;}\">\n\t\t<div class=\"elementor-element elementor-element-004cc03 e-con-full e-flex e-con e-child\" data-id=\"004cc03\" data-element_type=\"container\">\n\t\t<div class=\"elementor-element elementor-element-ecbeca7 e-con-full e-flex e-con e-child\" data-id=\"ecbeca7\" data-element_type=\"container\">\n\t\t\t\t<div class=\"elementor-element elementor-element-d734415 elementor-widget elementor-widget-heading\" data-id=\"d734415\" data-element_type=\"widget\" data-widget_type=\"heading.default\">\n\t\t\t\t<div class=\"elementor-widget-container\">\n\t\t\t<h2 class=\"elementor-heading-title elementor-size-default\">Remodelaci\u00f3n Corporal: Hidrolipoclasia & Carboxiterapia<\/h2>\t\t<\/div>\n\t\t\t\t<\/div>\n\t\t\t\t<\/div>\n\t\t\t\t<\/div>\n\t\t\t\t<div class=\"elementor-element elementor-element-2fa6c18 elementor-widget__width-initial elementor-widget elementor-widget-text-editor\" data-id=\"2fa6c18\" data-element_type=\"widget\" data-widget_type=\"text-editor.default\">\n\t\t\t\t<div class=\"elementor-widget-container\">\n\t\t\t\t\t\t\t<p>La alternativa definitiva a la liposucci\u00f3n tradicional para eliminar grasa localizada. Nuestra t\u00e9cnica de <b data-path-to-node=\"9,1,0\" data-index-in-node=\"125\">Hidrolipoclasia<\/b> rompe las c\u00e9lulas grasas de forma no invasiva, mientras que la <b data-path-to-node=\"9,1,0\" data-index-in-node=\"204\">Carboxiterapia<\/b> (<span class=\"math-inline\" data-math=\"CO_2\" data-index-in-node=\"220\">$CO_2$<\/span> medicinal) oxigena los tejidos, drena toxinas y reduce dr\u00e1sticamente la celulitis. Un protocolo integral dise\u00f1ado para esculpir tu figura y tensar la piel con resultados visibles desde las primeras sesiones.<\/p>\t\t\t\t\t\t<\/div>\n\t\t\t\t<\/div>\n\t\t\t\t<div class=\"elementor-element elementor-element-2e1f8f3 elementor-mobile-align-center elementor-widget elementor-widget-button\" data-id=\"2e1f8f3\" data-element_type=\"widget\" data-widget_type=\"button.default\">\n\t\t\t\t<div class=\"elementor-widget-container\">\n\t\t\t\t\t<div class=\"elementor-button-wrapper\">\n\t\t\t<a class=\"elementor-button elementor-button-link elementor-size-sm elementor-animation-shrink\" href=\"#\">\n\t\t\t\t\t\t<span class=\"elementor-button-content-wrapper\">\n\t\t\t\t\t\t\t\t\t<span class=\"elementor-button-text\">AGENDAR POR WHATSAPP<\/span>\n\t\t\t\t\t<\/span>\n\t\t\t\t\t<\/a>\n\t\t<\/div>\n\t\t\t\t<\/div>\n\t\t\t\t<\/div>\n\t\t\t\t<\/div>\n\t\t\t\t\t<\/div>\n\t\t\t\t<\/div>\n\t\t\t\t<\/div>\n\t\t","protected":false},"excerpt":{"rendered":"<p>REVELA TU MEJOR VERSI\u00d3N Tratamientos est\u00e9ticos avanzados de vanguardia para realzar tu belleza natural con resultados garantizados AGENDAR EVALUACI\u00d3N Est\u00e9tica Facial Avanzada: Nutrici\u00f3n y Regeneraci\u00f3n Celular \u00a0Transforma la calidad de tu piel con protocolos de nutrici\u00f3n profunda y regeneraci\u00f3n de tejidos. Combinamos el poder celular del PDRN (ADN de Salm\u00f3n) y Exosomas con limpiezas de [&hellip;]<\/p>\n","protected":false},"author":1,"featured_media":0,"parent":0,"menu_order":0,"comment_status":"closed","ping_status":"closed","template":"","meta":{"_monsterinsights_skip_tracking":false,"_monsterinsights_sitenote_active":false,"_monsterinsights_sitenote_note":"","_monsterinsights_sitenote_category":0,"_uf_show_specific_survey":0,"_uf_disable_surveys":false,"site-sidebar-layout":"no-sidebar","site-content-layout":"page-builder","ast-site-content-layout":"","site-content-style":"default","site-sidebar-style":"default","ast-global-header-display":"","ast-banner-title-visibility":"","ast-main-header-display":"","ast-hfb-above-header-display":"","ast-hfb-below-header-display":"","ast-hfb-mobile-header-display":"","site-post-title":"disabled","ast-breadcrumbs-content":"disabled","ast-featured-img":"disabled","footer-sml-layout":"","theme-transparent-header-meta":"default","adv-header-id-meta":"","stick-header-meta":"","header-above-stick-meta":"","header-main-stick-meta":"","header-below-stick-meta":"","astra-migrate-meta-layouts":"default","ast-page-background-enabled":"default","ast-page-background-meta":{"desktop":{"background-color":"","background-image":"","background-repeat":"repeat","background-position":"center center","background-size":"auto","background-attachment":"scroll","background-type":"","background-media":"","overlay-type":"","overlay-color":"","overlay-opacity":"","overlay-gradient":""},"tablet":{"background-color":"","background-image":"","background-repeat":"repeat","background-position":"center center","background-size":"auto","background-attachment":"scroll","background-type":"","background-media":"","overlay-type":"","overlay-color":"","overlay-opacity":"","overlay-gradient":""},"mobile":{"background-color":"","background-image":"","background-repeat":"repeat","background-position":"center center","background-size":"auto","background-attachment":"scroll","background-type":"","background-media":"","overlay-type":"","overlay-color":"","overlay-opacity":"","overlay-gradient":""}},"ast-content-background-meta":{"desktop":{"background-color":"var(--ast-global-color-5)","background-image":"","background-repeat":"repeat","background-position":"center center","background-size":"auto","background-attachment":"scroll","background-type":"","background-media":"","overlay-type":"","overlay-color":"","overlay-opacity":"","overlay-gradient":""},"tablet":{"background-color":"var(--ast-global-color-5)","background-image":"","background-repeat":"repeat","background-position":"center center","background-size":"auto","background-attachment":"scroll","background-type":"","background-media":"","overlay-type":"","overlay-color":"","overlay-opacity":"","overlay-gradient":""},"mobile":{"background-color":"var(--ast-global-color-5)","background-image":"","background-repeat":"repeat","background-position":"center center","background-size":"auto","background-attachment":"scroll","background-type":"","background-media":"","overlay-type":"","overlay-color":"","overlay-opacity":"","overlay-gradient":""}},"footnotes":""},"class_list":["post-541","page","type-page","status-publish","hentry"],"aioseo_notices":[],"_links":{"self":[{"href":"https:\/\/mujeresdehoyperu.com\/index.php?rest_route=\/wp\/v2\/pages\/541","targetHints":{"allow":["GET"]}}],"collection":[{"href":"https:\/\/mujeresdehoyperu.com\/index.php?rest_route=\/wp\/v2\/pages"}],"about":[{"href":"https:\/\/mujeresdehoyperu.com\/index.php?rest_route=\/wp\/v2\/types\/page"}],"author":[{"embeddable":true,"href":"https:\/\/mujeresdehoyperu.com\/index.php?rest_route=\/wp\/v2\/users\/1"}],"replies":[{"embeddable":true,"href":"https:\/\/mujeresdehoyperu.com\/index.php?rest_route=%2Fwp%2Fv2%2Fcomments&post=541"}],"version-history":[{"count":148,"href":"https:\/\/mujeresdehoyperu.com\/index.php?rest_route=\/wp\/v2\/pages\/541\/revisions"}],"predecessor-version":[{"id":2760,"href":"https:\/\/mujeresdehoyperu.com\/index.php?rest_route=\/wp\/v2\/pages\/541\/revisions\/2760"}],"wp:attachment":[{"href":"https:\/\/mujeresdehoyperu.com\/index.php?rest_route=%2Fwp%2Fv2%2Fmedia&parent=541"}],"curies":[{"name":"wp","href":"https:\/\/api.w.org\/{rel}","templated":true}]}}